{"id":10338,"date":"2020-01-09T22:22:14","date_gmt":"2020-01-09T21:22:14","guid":{"rendered":"http:\/\/terresdemotions.fr\/?page_id=10338"},"modified":"2023-11-29T23:59:17","modified_gmt":"2023-11-29T22:59:17","slug":"partenaires","status":"publish","type":"page","link":"https:\/\/terresdemotions.fr\/index.php\/partenaires\/","title":{"rendered":"PARTENAIRES"},"content":{"rendered":"\n<div class=\"wp-block-group\"><div class=\"wp-block-group__inner-container is-layout-flow wp-block-group-is-layout-flow\">\n<p><a href=\"https:\/\/locations-06.fr\/\"><img loading=\"lazy\" decoding=\"async\" class=\"alignleft wp-image-10548 size-full\" src=\"http:\/\/terresdemotions.fr\/wp-content\/uploads\/2020\/02\/locations-06-vacances-cote-d-azur-gites-appartements-cannes-grasse-antibes1.png\" alt=\"\" width=\"375\" height=\"220\" srcset=\"https:\/\/terresdemotions.fr\/wp-content\/uploads\/2020\/02\/locations-06-vacances-cote-d-azur-gites-appartements-cannes-grasse-antibes1.png 375w, https:\/\/terresdemotions.fr\/wp-content\/uploads\/2020\/02\/locations-06-vacances-cote-d-azur-gites-appartements-cannes-grasse-antibes1-300x176.png 300w, https:\/\/terresdemotions.fr\/wp-content\/uploads\/2020\/02\/locations-06-vacances-cote-d-azur-gites-appartements-cannes-grasse-antibes1-50x29.png 50w, https:\/\/terresdemotions.fr\/wp-content\/uploads\/2020\/02\/locations-06-vacances-cote-d-azur-gites-appartements-cannes-grasse-antibes1-110x65.png 110w\" sizes=\"auto, (max-width: 375px) 100vw, 375px\" \/><\/a><\/p>\n<p>&nbsp;<\/p>\n<h6>&nbsp;<\/h6>\n<h6>&nbsp;<\/h6>\n<h6>&nbsp;<\/h6>\n<h6>&nbsp;<\/h6>\n<h5>Afin de d\u00e9marrer la randonn\u00e9e du bon pied, <a href=\"https:\/\/www.terresdemotions.fr\">www.terresdemotions.fr<\/a> en partenariat avec <a href=\"https:\/\/www.amandinefradet.com\/\">AmandineFradet<\/a> bas\u00e9 \u00e0 Carros vous propose <strong>-20 %<\/strong> sur : S\u00e9ance \u00e9nerg\u00e9tique cr\u00e2nienne \u00ab Access Bars\u00ae \u00bb \/ S\u00e9ance \u00e9nerg\u00e9tique de reconnexion \u00e0 soi \u00ab Reiki Usui \u00bb \/ S\u00e9ance \u00e9nerg\u00e9tique corporelle \u00ab&nbsp;Energie corps&nbsp;\u00bb<\/h5>\n<p><strong>Soit 48\u20ac au lieu de 60 \u20ac &#8211; Sur pr\u00e9sentation de votre carte pass randonn\u00e9e<\/strong><\/p>\n<p><a href=\"https:\/\/www.amandinefradet.com\/\"><img loading=\"lazy\" decoding=\"async\" class=\"alignleft wp-image-10546\" src=\"http:\/\/terresdemotions.fr\/wp-content\/uploads\/2020\/02\/energie-corps-20.jpg\" alt=\"\" width=\"361\" height=\"177\" srcset=\"https:\/\/terresdemotions.fr\/wp-content\/uploads\/2020\/02\/energie-corps-20.jpg 600w, https:\/\/terresdemotions.fr\/wp-content\/uploads\/2020\/02\/energie-corps-20-300x148.jpg 300w, https:\/\/terresdemotions.fr\/wp-content\/uploads\/2020\/02\/energie-corps-20-50x25.jpg 50w, https:\/\/terresdemotions.fr\/wp-content\/uploads\/2020\/02\/energie-corps-20-110x54.jpg 110w, https:\/\/terresdemotions.fr\/wp-content\/uploads\/2020\/02\/energie-corps-20-420x207.jpg 420w\" sizes=\"auto, (max-width: 361px) 100vw, 361px\" \/><\/a><\/p>\n<p>&nbsp;<\/p>\n<p>&nbsp;<\/p>\n<p>&nbsp;<\/p>\n<p>&nbsp;<\/p>\n<p class=\"wnd-align-center\"><span class=\"wsw-02\"><span class=\"wnd-font-size-140\"><strong>Th\u00e9rapeute \/ Enseignante&nbsp;<\/strong><\/span><\/span><strong>\u00c9NERGIES<\/strong><strong><span class=\"wnd-font-size-130 wsw-02\" data--o-s=\"false\">&nbsp;<span class=\"wnd-font-size-110\">&amp; MAGN\u00c9TISME &#8211;<\/span><\/span><\/strong><\/p>\n<p class=\"wnd-align-center\"><em><strong><span class=\"wnd-font-size-130\">Certifi\u00e9e Ma\u00eetre\/Enseignante Reiki Usui&nbsp;. Psycho-\u00e9nerg\u00e9ticienne EPCH .&nbsp;\u00c9nergo-Magn\u00e9tiseuse .&nbsp;Access Conscioussness\u00ae . \u00c9nergies Ressources Lahochi \/ Gu\u00e9risseur Divin<\/span><\/strong><\/em><\/p>\n<p class=\"wnd-align-center\"><span class=\"wnd-font-size-90\"><span class=\"wnd-font-size-120 wsw-02\">Je suis Amandine Fradet, j&rsquo;accompagne depuis 2017, les personnes engag\u00e9es avec elles-m\u00eames \u00e0 s&rsquo;apporter ce<\/span> <span class=\"wnd-font-size-120 wsw-02\">r\u00e9el <\/span><\/span><span class=\"wnd-font-size-110 wsw-02\" data--o-s=\"false\">mieux-\u00eatre<\/span><span class=\"wnd-font-size-90\"><span class=\"wnd-font-size-120\">&nbsp;<\/span><span class=\"wnd-font-size-120 wsw-02\">pour un<\/span> <\/span><span class=\"wsw-02 wnd-font-size-110\" data--o-s=\"false\"><strong>\u00e9panouissement<\/strong><strong> \u00e9volutif et durable<\/strong><\/span><span class=\"wnd-font-size-90\"> <span class=\"wnd-font-size-110\"><span class=\"wsw-02\"><span class=\"wnd-font-size-120\">sur les<\/span> plans <strong>physico-corporel-\u00e9motionnel.<\/strong><\/span><\/span><\/span><\/p>\n<p class=\"wnd-align-center\"><span class=\"wnd-font-size-90\"><span class=\"wnd-font-size-110\">Par la synergie du&nbsp;<\/span><span class=\"wnd-font-size-120\"><strong>Magn\u00e9tisme<\/strong>, de nos<strong> \u00c9nergies Ressources<\/strong> et de la <strong>Conscience Intuitive<\/strong>, mes enseignements et s\u00e9ances, \u00e0 distance ou pr\u00e9sentiel (Carros &#8211; 06), sont bas\u00e9s sur des<strong> techniques \u00e9nerg\u00e9tiques naturelles<\/strong>&nbsp;et des <strong>outils<\/strong>&nbsp;<strong>de<\/strong>&nbsp;<strong>d\u00e9veloppement personnel profonds <\/strong>permettant d&rsquo;<strong>a<\/strong><strong>cc\u00e9l\u00e9rer<\/strong> les processus de gu\u00e9rison au niveau <\/span><\/span><span class=\"wsw-02\"><span class=\"wnd-font-size-90\"><span class=\"wnd-font-size-120\"><strong>physique<\/strong>,&nbsp;<\/span><\/span><span class=\"wnd-font-size-110\"><strong>corporel et&nbsp;<\/strong><strong>\u00e9motionnel&nbsp;<\/strong><\/span><strong><span class=\"wnd-font-size-110\">de l&rsquo;\u00catre<\/span>&nbsp;<\/strong><span class=\"wnd-font-size-110\">dans sa globalit\u00e9 pour un r\u00e9el mieux-\u00eatre au quotidien.<\/span><\/span><\/p>\n<p>&nbsp;<\/p>\n<p>&nbsp;<\/p>\n<p>Vous aimez le ski ? Terres d&rsquo;\u00e9motions aussi. Payez la carte Pass montagne 5 \u20ac au lieu de 10 \u20ac et profiter des stations \u00e0 prix r\u00e9duits. Offre adh\u00e9rents, nous contacter.<\/p>\n<p><a href=\"https:\/\/www.passemontagne.fr\/fr\/\"><img loading=\"lazy\" decoding=\"async\" class=\"wp-image-10505 alignleft\" src=\"http:\/\/terresdemotions.fr\/wp-content\/uploads\/2020\/02\/carte-passemontagne_1920-1080-120-Stations.jpg\" alt=\"\" width=\"335\" height=\"189\" srcset=\"https:\/\/terresdemotions.fr\/wp-content\/uploads\/2020\/02\/carte-passemontagne_1920-1080-120-Stations.jpg 1921w, https:\/\/terresdemotions.fr\/wp-content\/uploads\/2020\/02\/carte-passemontagne_1920-1080-120-Stations-600x338.jpg 600w, https:\/\/terresdemotions.fr\/wp-content\/uploads\/2020\/02\/carte-passemontagne_1920-1080-120-Stations-300x169.jpg 300w, https:\/\/terresdemotions.fr\/wp-content\/uploads\/2020\/02\/carte-passemontagne_1920-1080-120-Stations-1024x576.jpg 1024w, https:\/\/terresdemotions.fr\/wp-content\/uploads\/2020\/02\/carte-passemontagne_1920-1080-120-Stations-768x432.jpg 768w, https:\/\/terresdemotions.fr\/wp-content\/uploads\/2020\/02\/carte-passemontagne_1920-1080-120-Stations-1536x864.jpg 1536w, https:\/\/terresdemotions.fr\/wp-content\/uploads\/2020\/02\/carte-passemontagne_1920-1080-120-Stations-50x28.jpg 50w, https:\/\/terresdemotions.fr\/wp-content\/uploads\/2020\/02\/carte-passemontagne_1920-1080-120-Stations-110x62.jpg 110w, https:\/\/terresdemotions.fr\/wp-content\/uploads\/2020\/02\/carte-passemontagne_1920-1080-120-Stations-420x236.jpg 420w, https:\/\/terresdemotions.fr\/wp-content\/uploads\/2020\/02\/carte-passemontagne_1920-1080-120-Stations-764x430.jpg 764w, https:\/\/terresdemotions.fr\/wp-content\/uploads\/2020\/02\/carte-passemontagne_1920-1080-120-Stations-1320x743.jpg 1320w\" sizes=\"auto, (max-width: 335px) 100vw, 335px\" \/><\/a><a href=\"http:\/\/terresdemotions.fr\/wp-content\/uploads\/2020\/02\/liste-stations-de-ski-partenaires-passemontagne.pdf\">liste-stations-de-ski-partenaires-passemontagne<\/a><\/p>\n<\/div><\/div>\n\n\n","protected":false},"excerpt":{"rendered":"<p>&nbsp; &nbsp; &nbsp; &nbsp; &nbsp; Afin de d\u00e9marrer la randonn\u00e9e du bon pied, www.terresdemotions.fr en partenariat avec AmandineFradet bas\u00e9 \u00e0 Carros vous propose -20 % sur : S\u00e9ance \u00e9nerg\u00e9tique cr\u00e2nienne \u00ab Access Bars\u00ae \u00bb \/ S\u00e9ance \u00e9nerg\u00e9tique de reconnexion \u00e0 soi \u00ab Reiki Usui \u00bb \/ S\u00e9ance \u00e9nerg\u00e9tique corporelle \u00ab&nbsp;Energie corps&nbsp;\u00bb Soit 48\u20ac au lieu [&hellip;]<\/p>\n","protected":false},"author":1,"featured_media":0,"parent":0,"menu_order":0,"comment_status":"closed","ping_status":"closed","template":"","meta":{"_bbp_topic_count":0,"_bbp_reply_count":0,"_bbp_total_topic_count":0,"_bbp_total_reply_count":0,"_bbp_voice_count":0,"_bbp_anonymous_reply_count":0,"_bbp_topic_count_hidden":0,"_bbp_reply_count_hidden":0,"_bbp_forum_subforum_count":0,"content-type":"","_exactmetrics_skip_tracking":false,"_exactmetrics_sitenote_active":false,"_exactmetrics_sitenote_note":"","_exactmetrics_sitenote_category":0,"_monsterinsights_skip_tracking":false,"_monsterinsights_sitenote_active":false,"_monsterinsights_sitenote_note":"","_monsterinsights_sitenote_category":0,"ngg_post_thumbnail":0,"_price":"","_stock":"","_tribe_ticket_header":"","_tribe_default_ticket_provider":"","_tribe_ticket_capacity":"0","_ticket_start_date":"","_ticket_end_date":"","_tribe_ticket_show_description":"","_tribe_ticket_show_not_going":false,"_tribe_ticket_use_global_stock":"","_tribe_ticket_global_stock_level":"","_global_stock_mode":"","_global_stock_cap":"","_tribe_rsvp_for_event":"","_tribe_ticket_going_count":"","_tribe_ticket_not_going_count":"","_tribe_tickets_list":"[]","_tribe_ticket_has_attendee_info_fields":false,"footnotes":""},"class_list":["post-10338","page","type-page","status-publish","hentry"],"jetpack_sharing_enabled":true,"_links":{"self":[{"href":"https:\/\/terresdemotions.fr\/index.php\/wp-json\/wp\/v2\/pages\/10338","targetHints":{"allow":["GET"]}}],"collection":[{"href":"https:\/\/terresdemotions.fr\/index.php\/wp-json\/wp\/v2\/pages"}],"about":[{"href":"https:\/\/terresdemotions.fr\/index.php\/wp-json\/wp\/v2\/types\/page"}],"author":[{"embeddable":true,"href":"https:\/\/terresdemotions.fr\/index.php\/wp-json\/wp\/v2\/users\/1"}],"replies":[{"embeddable":true,"href":"https:\/\/terresdemotions.fr\/index.php\/wp-json\/wp\/v2\/comments?post=10338"}],"version-history":[{"count":23,"href":"https:\/\/terresdemotions.fr\/index.php\/wp-json\/wp\/v2\/pages\/10338\/revisions"}],"predecessor-version":[{"id":14872,"href":"https:\/\/terresdemotions.fr\/index.php\/wp-json\/wp\/v2\/pages\/10338\/revisions\/14872"}],"wp:attachment":[{"href":"https:\/\/terresdemotions.fr\/index.php\/wp-json\/wp\/v2\/media?parent=10338"}],"curies":[{"name":"wp","href":"https:\/\/api.w.org\/{rel}","templated":true}]}}