{"id":12616,"date":"2021-01-14T23:57:59","date_gmt":"2021-01-14T22:57:59","guid":{"rendered":"https:\/\/terresdemotions.fr\/index.php\/page-daccueil\/"},"modified":"2021-01-17T21:20:57","modified_gmt":"2021-01-17T20:20:57","slug":"page-daccueil","status":"publish","type":"page","link":"https:\/\/terresdemotions.fr\/","title":{"rendered":"Page d\u2019accueil"},"content":{"rendered":"\n\t\t\t<div class=\"wp-block-cover\" style=\"background-image:url(https:\/\/terresdemotions.fr\/wp-content\/uploads\/2021\/01\/other-small.jpg)\"><div class=\"wp-block-cover__inner-container is-layout-flow wp-block-cover-is-layout-flow\">\n\t\t\t<p class=\"has-text-align-center has-large-font-size\">Bienvenue dans la boutique<\/p>\n\t\t\t\n\n\t\t\t\n\t\t\t<p class=\"has-text-color has-text-align-center\">R\u00e9diger un bref message de bienvenue ici<\/p>\n\t\t\t\n\n\t\t\t\n\t\t\t<div class=\"wp-block-button aligncenter\"><a href=\"https:\/\/terresdemotions.fr\/index.php\/boutique\/\" class=\"wp-block-button__link\">Faire des achats<\/a><\/div>\n\t\t\t<\/div><\/div>\n\t\t\t\n\t\t\t\t\n\t\t\t\t<h2 class=\"wp-block-heading\" style=\"text-align:center\">Achat par cat\u00e9gorie<\/h2>\n\t\t\t\t\n\t\t\t\t<div class=\"woocommerce columns-4\"><ul class=\"products columns-4\">\n<li class=\"product-category product first\">\n\t<a aria-label=\"Acc\u00e9der \u00e0 la cat\u00e9gorie de produits S\u00e9jours\" href=\"https:\/\/terresdemotions.fr\/index.php\/categorie-produit\/sejours\/\"><img loading=\"lazy\" decoding=\"async\" src=\"https:\/\/terresdemotions.fr\/wp-content\/uploads\/woocommerce-placeholder-300x300.png\" alt=\"S\u00e9jours\" width=\"300\" height=\"300\" \/>\t\t<h2 class=\"woocommerce-loop-category__title\">\n\t\t\tS\u00e9jours <mark class=\"count\">(2)<\/mark>\t\t<\/h2>\n\t\t<\/a><\/li>\n<\/ul>\n<\/div>\n\n\t\t\t\t\n\t\t\t\t<h2 class=\"wp-block-heading\" style=\"text-align:center\">Nouveaut\u00e9s<\/h2>\n\t\t\t\t\n\t\t\t\t<div data-block-name=\"woocommerce\/product-new\" data-columns=\"4\" class=\"wc-block-grid wp-block-product-new wp-block-woocommerce-product-new wc-block-product-new has-4-columns has-multiple-rows\"><ul class=\"wc-block-grid__products\"><li class=\"wc-block-grid__product\">\n\t\t\t\t<a href=\"https:\/\/terresdemotions.fr\/index.php\/produit\/ven-10-07-dim12-07-2026-we-vallee-des-merveilles-refuge-a-proximite-des-gravures-rupestresallee-des-merveilles-refuge-ou-bivouac-nature-a-proximite-des-gravures-rupestres\/\" class=\"wc-block-grid__product-link\">\n\t\t\t\t\t\n\t\t\t\t\t<div class=\"wc-block-grid__product-image\"><img loading=\"lazy\" decoding=\"async\" width=\"300\" height=\"300\" src=\"https:\/\/terresdemotions.fr\/wp-content\/uploads\/2021\/01\/IMG_20200621_091539-300x300.jpg\" class=\"attachment-woocommerce_thumbnail size-woocommerce_thumbnail\" alt=\"Ven 10\/07 - Dim12\/07 2026 -WE Vall\u00e9e des merveilles -Refuge- \u00e0 proximit\u00e9 des gravures rupestres\" srcset=\"https:\/\/terresdemotions.fr\/wp-content\/uploads\/2021\/01\/IMG_20200621_091539-300x300.jpg 300w, https:\/\/terresdemotions.fr\/wp-content\/uploads\/2021\/01\/IMG_20200621_091539-150x150.jpg 150w, https:\/\/terresdemotions.fr\/wp-content\/uploads\/2021\/01\/IMG_20200621_091539-250x250.jpg 250w, https:\/\/terresdemotions.fr\/wp-content\/uploads\/2021\/01\/IMG_20200621_091539-125x125.jpg 125w, https:\/\/terresdemotions.fr\/wp-content\/uploads\/2021\/01\/IMG_20200621_091539-110x110.jpg 110w, https:\/\/terresdemotions.fr\/wp-content\/uploads\/2021\/01\/IMG_20200621_091539-420x420.jpg 420w, https:\/\/terresdemotions.fr\/wp-content\/uploads\/2021\/01\/IMG_20200621_091539-100x100.jpg 100w\" sizes=\"auto, (max-width: 300px) 100vw, 300px\" \/><\/div>\n\t\t\t\t\t<div class=\"wc-block-grid__product-title\">Ven 10\/07 &#8211; Dim12\/07 2026 -WE Vall\u00e9e des merveilles -Refuge- \u00e0 proximit\u00e9 des gravures rupestres<\/div>\n\t\t\t\t<\/a>\n\t\t\t\t<div class=\"wc-block-grid__product-price price\"><span class=\"woocommerce-Price-amount amount\"><span class=\"woocommerce-Price-currencySymbol\">&euro;<\/span>239,00<\/span><\/div>\n\t\t\t\t\n\t\t\t\t<div class=\"wp-block-button wc-block-grid__product-add-to-cart\"><a href=\"\/index.php\/wp-json\/wp\/v2\/pages\/12616?add-to-cart=12747\" aria-label=\"Ajouter au panier\u00a0: &ldquo;Ven 10\/07 - Dim12\/07 2026 -WE Vall\u00e9e des merveilles -Refuge- \u00e0 proximit\u00e9 des gravures rupestres&rdquo;\" data-quantity=\"1\" data-product_id=\"12747\" data-product_sku=\"\" data-price=\"239\" rel=\"nofollow\" class=\"wp-block-button__link  add_to_cart_button ajax_add_to_cart\">Ajouter au panier<\/a><\/div>\n\t\t\t<\/li><li class=\"wc-block-grid__product\">\n\t\t\t\t<a href=\"https:\/\/terresdemotions.fr\/index.php\/produit\/sam-09-05-dim-10-05-2026-mon-premier-bivouac-initiation-au-coeur-des-prealpesemier-bivouac-initiation\/\" class=\"wc-block-grid__product-link\">\n\t\t\t\t\t<div class=\"wc-block-grid__product-onsale\">\n\t\t\t<span aria-hidden=\"true\">Promo<\/span>\n\t\t\t<span class=\"screen-reader-text\">Produit en promotion<\/span>\n\t\t<\/div>\n\t\t\t\t\t<div class=\"wc-block-grid__product-image\"><img loading=\"lazy\" decoding=\"async\" width=\"300\" height=\"300\" src=\"https:\/\/terresdemotions.fr\/wp-content\/uploads\/2023\/11\/S5003595-300x300.jpg\" class=\"attachment-woocommerce_thumbnail size-woocommerce_thumbnail\" alt=\"Sam 09\/05-Dim 10\/05 2026 -Mon premier Bivouac (initiation) - Au c\u0153ur des pr\u00e9alpes\" srcset=\"https:\/\/terresdemotions.fr\/wp-content\/uploads\/2023\/11\/S5003595-300x300.jpg 300w, https:\/\/terresdemotions.fr\/wp-content\/uploads\/2023\/11\/S5003595-150x150.jpg 150w, https:\/\/terresdemotions.fr\/wp-content\/uploads\/2023\/11\/S5003595-250x250.jpg 250w, https:\/\/terresdemotions.fr\/wp-content\/uploads\/2023\/11\/S5003595-125x125.jpg 125w, https:\/\/terresdemotions.fr\/wp-content\/uploads\/2023\/11\/S5003595-110x110.jpg 110w, https:\/\/terresdemotions.fr\/wp-content\/uploads\/2023\/11\/S5003595-420x420.jpg 420w, https:\/\/terresdemotions.fr\/wp-content\/uploads\/2023\/11\/S5003595-100x100.jpg 100w\" sizes=\"auto, (max-width: 300px) 100vw, 300px\" \/><\/div>\n\t\t\t\t\t<div class=\"wc-block-grid__product-title\">Sam 09\/05-Dim 10\/05 2026 -Mon premier Bivouac (initiation) &#8211; Au c\u0153ur des pr\u00e9alpes<\/div>\n\t\t\t\t<\/a>\n\t\t\t\t<div class=\"wc-block-grid__product-price price\"><del aria-hidden=\"true\"><span class=\"woocommerce-Price-amount amount\"><span class=\"woocommerce-Price-currencySymbol\">&euro;<\/span>80,00<\/span><\/del> <span class=\"screen-reader-text\">Le prix initial \u00e9tait\u00a0: &euro;80,00.<\/span><ins aria-hidden=\"true\"><span class=\"woocommerce-Price-amount amount\"><span class=\"woocommerce-Price-currencySymbol\">&euro;<\/span>60,00<\/span><\/ins><span class=\"screen-reader-text\">Le prix actuel est\u00a0: &euro;60,00.<\/span><\/div>\n\t\t\t\t\n\t\t\t\t<div class=\"wp-block-button wc-block-grid__product-add-to-cart\"><a href=\"\/index.php\/wp-json\/wp\/v2\/pages\/12616?add-to-cart=13949\" aria-label=\"Ajouter au panier\u00a0: &ldquo;Sam 09\/05-Dim 10\/05 2026 -Mon premier Bivouac (initiation) - Au c\u0153ur des pr\u00e9alpes&rdquo;\" data-quantity=\"1\" data-product_id=\"13949\" data-product_sku=\"\" data-price=\"60\" rel=\"nofollow\" class=\"wp-block-button__link  add_to_cart_button ajax_add_to_cart\">Ajouter au panier<\/a><\/div>\n\t\t\t<\/li><\/ul><\/div>\n\t\t\t\t\n\t\t\t\t<h2 class=\"wp-block-heading\" style=\"text-align:center\">Produits pr\u00e9f\u00e9r\u00e9s de vos clients<\/h2>\n\t\t\t\t\n\t\t\t\t<div data-block-name=\"woocommerce\/product-top-rated\" data-columns=\"4\" class=\"wc-block-grid wp-block-product-top-rated wp-block-woocommerce-product-top-rated wc-block-product-top-rated has-4-columns has-multiple-rows\"><ul class=\"wc-block-grid__products\"><li class=\"wc-block-grid__product\">\n\t\t\t\t<a href=\"https:\/\/terresdemotions.fr\/index.php\/produit\/sam-09-05-dim-10-05-2026-mon-premier-bivouac-initiation-au-coeur-des-prealpesemier-bivouac-initiation\/\" class=\"wc-block-grid__product-link\">\n\t\t\t\t\t<div class=\"wc-block-grid__product-onsale\">\n\t\t\t<span aria-hidden=\"true\">Promo<\/span>\n\t\t\t<span class=\"screen-reader-text\">Produit en promotion<\/span>\n\t\t<\/div>\n\t\t\t\t\t<div class=\"wc-block-grid__product-image\"><img loading=\"lazy\" decoding=\"async\" width=\"300\" height=\"300\" src=\"https:\/\/terresdemotions.fr\/wp-content\/uploads\/2023\/11\/S5003595-300x300.jpg\" class=\"attachment-woocommerce_thumbnail size-woocommerce_thumbnail\" alt=\"Sam 09\/05-Dim 10\/05 2026 -Mon premier Bivouac (initiation) - Au c\u0153ur des pr\u00e9alpes\" srcset=\"https:\/\/terresdemotions.fr\/wp-content\/uploads\/2023\/11\/S5003595-300x300.jpg 300w, https:\/\/terresdemotions.fr\/wp-content\/uploads\/2023\/11\/S5003595-150x150.jpg 150w, https:\/\/terresdemotions.fr\/wp-content\/uploads\/2023\/11\/S5003595-250x250.jpg 250w, https:\/\/terresdemotions.fr\/wp-content\/uploads\/2023\/11\/S5003595-125x125.jpg 125w, https:\/\/terresdemotions.fr\/wp-content\/uploads\/2023\/11\/S5003595-110x110.jpg 110w, https:\/\/terresdemotions.fr\/wp-content\/uploads\/2023\/11\/S5003595-420x420.jpg 420w, https:\/\/terresdemotions.fr\/wp-content\/uploads\/2023\/11\/S5003595-100x100.jpg 100w\" sizes=\"auto, (max-width: 300px) 100vw, 300px\" \/><\/div>\n\t\t\t\t\t<div class=\"wc-block-grid__product-title\">Sam 09\/05-Dim 10\/05 2026 -Mon premier Bivouac (initiation) &#8211; Au c\u0153ur des pr\u00e9alpes<\/div>\n\t\t\t\t<\/a>\n\t\t\t\t<div class=\"wc-block-grid__product-price price\"><del aria-hidden=\"true\"><span class=\"woocommerce-Price-amount amount\"><span class=\"woocommerce-Price-currencySymbol\">&euro;<\/span>80,00<\/span><\/del> <span class=\"screen-reader-text\">Le prix initial \u00e9tait\u00a0: &euro;80,00.<\/span><ins aria-hidden=\"true\"><span class=\"woocommerce-Price-amount amount\"><span class=\"woocommerce-Price-currencySymbol\">&euro;<\/span>60,00<\/span><\/ins><span class=\"screen-reader-text\">Le prix actuel est\u00a0: &euro;60,00.<\/span><\/div>\n\t\t\t\t\n\t\t\t\t<div class=\"wp-block-button wc-block-grid__product-add-to-cart\"><a href=\"\/index.php\/wp-json\/wp\/v2\/pages\/12616?add-to-cart=13949\" aria-label=\"Ajouter au panier\u00a0: &ldquo;Sam 09\/05-Dim 10\/05 2026 -Mon premier Bivouac (initiation) - Au c\u0153ur des pr\u00e9alpes&rdquo;\" data-quantity=\"1\" data-product_id=\"13949\" data-product_sku=\"\" data-price=\"60\" rel=\"nofollow\" class=\"wp-block-button__link  add_to_cart_button ajax_add_to_cart\">Ajouter au panier<\/a><\/div>\n\t\t\t<\/li><li class=\"wc-block-grid__product\">\n\t\t\t\t<a href=\"https:\/\/terresdemotions.fr\/index.php\/produit\/ven-10-07-dim12-07-2026-we-vallee-des-merveilles-refuge-a-proximite-des-gravures-rupestresallee-des-merveilles-refuge-ou-bivouac-nature-a-proximite-des-gravures-rupestres\/\" class=\"wc-block-grid__product-link\">\n\t\t\t\t\t\n\t\t\t\t\t<div class=\"wc-block-grid__product-image\"><img loading=\"lazy\" decoding=\"async\" width=\"300\" height=\"300\" src=\"https:\/\/terresdemotions.fr\/wp-content\/uploads\/2021\/01\/IMG_20200621_091539-300x300.jpg\" class=\"attachment-woocommerce_thumbnail size-woocommerce_thumbnail\" alt=\"Ven 10\/07 - Dim12\/07 2026 -WE Vall\u00e9e des merveilles -Refuge- \u00e0 proximit\u00e9 des gravures rupestres\" srcset=\"https:\/\/terresdemotions.fr\/wp-content\/uploads\/2021\/01\/IMG_20200621_091539-300x300.jpg 300w, https:\/\/terresdemotions.fr\/wp-content\/uploads\/2021\/01\/IMG_20200621_091539-150x150.jpg 150w, https:\/\/terresdemotions.fr\/wp-content\/uploads\/2021\/01\/IMG_20200621_091539-250x250.jpg 250w, https:\/\/terresdemotions.fr\/wp-content\/uploads\/2021\/01\/IMG_20200621_091539-125x125.jpg 125w, https:\/\/terresdemotions.fr\/wp-content\/uploads\/2021\/01\/IMG_20200621_091539-110x110.jpg 110w, https:\/\/terresdemotions.fr\/wp-content\/uploads\/2021\/01\/IMG_20200621_091539-420x420.jpg 420w, https:\/\/terresdemotions.fr\/wp-content\/uploads\/2021\/01\/IMG_20200621_091539-100x100.jpg 100w\" sizes=\"auto, (max-width: 300px) 100vw, 300px\" \/><\/div>\n\t\t\t\t\t<div class=\"wc-block-grid__product-title\">Ven 10\/07 &#8211; Dim12\/07 2026 -WE Vall\u00e9e des merveilles -Refuge- \u00e0 proximit\u00e9 des gravures rupestres<\/div>\n\t\t\t\t<\/a>\n\t\t\t\t<div class=\"wc-block-grid__product-price price\"><span class=\"woocommerce-Price-amount amount\"><span class=\"woocommerce-Price-currencySymbol\">&euro;<\/span>239,00<\/span><\/div>\n\t\t\t\t\n\t\t\t\t<div class=\"wp-block-button wc-block-grid__product-add-to-cart\"><a href=\"\/index.php\/wp-json\/wp\/v2\/pages\/12616?add-to-cart=12747\" aria-label=\"Ajouter au panier\u00a0: &ldquo;Ven 10\/07 - Dim12\/07 2026 -WE Vall\u00e9e des merveilles -Refuge- \u00e0 proximit\u00e9 des gravures rupestres&rdquo;\" data-quantity=\"1\" data-product_id=\"12747\" data-product_sku=\"\" data-price=\"239\" rel=\"nofollow\" class=\"wp-block-button__link  add_to_cart_button ajax_add_to_cart\">Ajouter au panier<\/a><\/div>\n\t\t\t<\/li><\/ul><\/div>\n\t\t\t\t\n\t\t\t\t<h2 class=\"wp-block-heading\" style=\"text-align:center\">En vente<\/h2>\n\t\t\t\t\n\t\t\t\t<div data-block-name=\"woocommerce\/product-on-sale\" data-columns=\"4\" class=\"wc-block-grid wp-block-product-on-sale wp-block-woocommerce-product-on-sale wc-block-product-on-sale has-4-columns has-multiple-rows\"><ul class=\"wc-block-grid__products\"><li class=\"wc-block-grid__product\">\n\t\t\t\t<a href=\"https:\/\/terresdemotions.fr\/index.php\/produit\/sam-09-05-dim-10-05-2026-mon-premier-bivouac-initiation-au-coeur-des-prealpesemier-bivouac-initiation\/\" class=\"wc-block-grid__product-link\">\n\t\t\t\t\t<div class=\"wc-block-grid__product-onsale\">\n\t\t\t<span aria-hidden=\"true\">Promo<\/span>\n\t\t\t<span class=\"screen-reader-text\">Produit en promotion<\/span>\n\t\t<\/div>\n\t\t\t\t\t<div class=\"wc-block-grid__product-image\"><img loading=\"lazy\" decoding=\"async\" width=\"300\" height=\"300\" src=\"https:\/\/terresdemotions.fr\/wp-content\/uploads\/2023\/11\/S5003595-300x300.jpg\" class=\"attachment-woocommerce_thumbnail size-woocommerce_thumbnail\" alt=\"Sam 09\/05-Dim 10\/05 2026 -Mon premier Bivouac (initiation) - Au c\u0153ur des pr\u00e9alpes\" srcset=\"https:\/\/terresdemotions.fr\/wp-content\/uploads\/2023\/11\/S5003595-300x300.jpg 300w, https:\/\/terresdemotions.fr\/wp-content\/uploads\/2023\/11\/S5003595-150x150.jpg 150w, https:\/\/terresdemotions.fr\/wp-content\/uploads\/2023\/11\/S5003595-250x250.jpg 250w, https:\/\/terresdemotions.fr\/wp-content\/uploads\/2023\/11\/S5003595-125x125.jpg 125w, https:\/\/terresdemotions.fr\/wp-content\/uploads\/2023\/11\/S5003595-110x110.jpg 110w, https:\/\/terresdemotions.fr\/wp-content\/uploads\/2023\/11\/S5003595-420x420.jpg 420w, https:\/\/terresdemotions.fr\/wp-content\/uploads\/2023\/11\/S5003595-100x100.jpg 100w\" sizes=\"auto, (max-width: 300px) 100vw, 300px\" \/><\/div>\n\t\t\t\t\t<div class=\"wc-block-grid__product-title\">Sam 09\/05-Dim 10\/05 2026 -Mon premier Bivouac (initiation) &#8211; Au c\u0153ur des pr\u00e9alpes<\/div>\n\t\t\t\t<\/a>\n\t\t\t\t<div class=\"wc-block-grid__product-price price\"><del aria-hidden=\"true\"><span class=\"woocommerce-Price-amount amount\"><span class=\"woocommerce-Price-currencySymbol\">&euro;<\/span>80,00<\/span><\/del> <span class=\"screen-reader-text\">Le prix initial \u00e9tait\u00a0: &euro;80,00.<\/span><ins aria-hidden=\"true\"><span class=\"woocommerce-Price-amount amount\"><span class=\"woocommerce-Price-currencySymbol\">&euro;<\/span>60,00<\/span><\/ins><span class=\"screen-reader-text\">Le prix actuel est\u00a0: &euro;60,00.<\/span><\/div>\n\t\t\t\t\n\t\t\t\t<div class=\"wp-block-button wc-block-grid__product-add-to-cart\"><a href=\"\/index.php\/wp-json\/wp\/v2\/pages\/12616?add-to-cart=13949\" aria-label=\"Ajouter au panier\u00a0: &ldquo;Sam 09\/05-Dim 10\/05 2026 -Mon premier Bivouac (initiation) - Au c\u0153ur des pr\u00e9alpes&rdquo;\" data-quantity=\"1\" data-product_id=\"13949\" data-product_sku=\"\" data-price=\"60\" rel=\"nofollow\" class=\"wp-block-button__link  add_to_cart_button ajax_add_to_cart\">Ajouter au panier<\/a><\/div>\n\t\t\t<\/li><\/ul><\/div>\n\t\t\t\t\n\t\t\t\t<h2 class=\"wp-block-heading\" style=\"text-align:center\">Meilleurs produits<\/h2>\n\t\t\t\t\n\t\t\t\t<div data-block-name=\"woocommerce\/product-best-sellers\" data-columns=\"4\" class=\"wc-block-grid wp-block-product-best-sellers wp-block-woocommerce-product-best-sellers wc-block-product-best-sellers has-4-columns has-multiple-rows\"><ul class=\"wc-block-grid__products\"><li class=\"wc-block-grid__product\">\n\t\t\t\t<a href=\"https:\/\/terresdemotions.fr\/index.php\/produit\/ven-10-07-dim12-07-2026-we-vallee-des-merveilles-refuge-a-proximite-des-gravures-rupestresallee-des-merveilles-refuge-ou-bivouac-nature-a-proximite-des-gravures-rupestres\/\" class=\"wc-block-grid__product-link\">\n\t\t\t\t\t\n\t\t\t\t\t<div class=\"wc-block-grid__product-image\"><img loading=\"lazy\" decoding=\"async\" width=\"300\" height=\"300\" src=\"https:\/\/terresdemotions.fr\/wp-content\/uploads\/2021\/01\/IMG_20200621_091539-300x300.jpg\" class=\"attachment-woocommerce_thumbnail size-woocommerce_thumbnail\" alt=\"Ven 10\/07 - Dim12\/07 2026 -WE Vall\u00e9e des merveilles -Refuge- \u00e0 proximit\u00e9 des gravures rupestres\" srcset=\"https:\/\/terresdemotions.fr\/wp-content\/uploads\/2021\/01\/IMG_20200621_091539-300x300.jpg 300w, https:\/\/terresdemotions.fr\/wp-content\/uploads\/2021\/01\/IMG_20200621_091539-150x150.jpg 150w, https:\/\/terresdemotions.fr\/wp-content\/uploads\/2021\/01\/IMG_20200621_091539-250x250.jpg 250w, https:\/\/terresdemotions.fr\/wp-content\/uploads\/2021\/01\/IMG_20200621_091539-125x125.jpg 125w, https:\/\/terresdemotions.fr\/wp-content\/uploads\/2021\/01\/IMG_20200621_091539-110x110.jpg 110w, https:\/\/terresdemotions.fr\/wp-content\/uploads\/2021\/01\/IMG_20200621_091539-420x420.jpg 420w, https:\/\/terresdemotions.fr\/wp-content\/uploads\/2021\/01\/IMG_20200621_091539-100x100.jpg 100w\" sizes=\"auto, (max-width: 300px) 100vw, 300px\" \/><\/div>\n\t\t\t\t\t<div class=\"wc-block-grid__product-title\">Ven 10\/07 &#8211; Dim12\/07 2026 -WE Vall\u00e9e des merveilles -Refuge- \u00e0 proximit\u00e9 des gravures rupestres<\/div>\n\t\t\t\t<\/a>\n\t\t\t\t<div class=\"wc-block-grid__product-price price\"><span class=\"woocommerce-Price-amount amount\"><span class=\"woocommerce-Price-currencySymbol\">&euro;<\/span>239,00<\/span><\/div>\n\t\t\t\t\n\t\t\t\t<div class=\"wp-block-button wc-block-grid__product-add-to-cart\"><a href=\"\/index.php\/wp-json\/wp\/v2\/pages\/12616?add-to-cart=12747\" aria-label=\"Ajouter au panier\u00a0: &ldquo;Ven 10\/07 - Dim12\/07 2026 -WE Vall\u00e9e des merveilles -Refuge- \u00e0 proximit\u00e9 des gravures rupestres&rdquo;\" data-quantity=\"1\" data-product_id=\"12747\" data-product_sku=\"\" data-price=\"239\" rel=\"nofollow\" class=\"wp-block-button__link  add_to_cart_button ajax_add_to_cart\">Ajouter au panier<\/a><\/div>\n\t\t\t<\/li><li class=\"wc-block-grid__product\">\n\t\t\t\t<a href=\"https:\/\/terresdemotions.fr\/index.php\/produit\/sam-09-05-dim-10-05-2026-mon-premier-bivouac-initiation-au-coeur-des-prealpesemier-bivouac-initiation\/\" class=\"wc-block-grid__product-link\">\n\t\t\t\t\t<div class=\"wc-block-grid__product-onsale\">\n\t\t\t<span aria-hidden=\"true\">Promo<\/span>\n\t\t\t<span class=\"screen-reader-text\">Produit en promotion<\/span>\n\t\t<\/div>\n\t\t\t\t\t<div class=\"wc-block-grid__product-image\"><img loading=\"lazy\" decoding=\"async\" width=\"300\" height=\"300\" src=\"https:\/\/terresdemotions.fr\/wp-content\/uploads\/2023\/11\/S5003595-300x300.jpg\" class=\"attachment-woocommerce_thumbnail size-woocommerce_thumbnail\" alt=\"Sam 09\/05-Dim 10\/05 2026 -Mon premier Bivouac (initiation) - Au c\u0153ur des pr\u00e9alpes\" srcset=\"https:\/\/terresdemotions.fr\/wp-content\/uploads\/2023\/11\/S5003595-300x300.jpg 300w, https:\/\/terresdemotions.fr\/wp-content\/uploads\/2023\/11\/S5003595-150x150.jpg 150w, https:\/\/terresdemotions.fr\/wp-content\/uploads\/2023\/11\/S5003595-250x250.jpg 250w, https:\/\/terresdemotions.fr\/wp-content\/uploads\/2023\/11\/S5003595-125x125.jpg 125w, https:\/\/terresdemotions.fr\/wp-content\/uploads\/2023\/11\/S5003595-110x110.jpg 110w, https:\/\/terresdemotions.fr\/wp-content\/uploads\/2023\/11\/S5003595-420x420.jpg 420w, https:\/\/terresdemotions.fr\/wp-content\/uploads\/2023\/11\/S5003595-100x100.jpg 100w\" sizes=\"auto, (max-width: 300px) 100vw, 300px\" \/><\/div>\n\t\t\t\t\t<div class=\"wc-block-grid__product-title\">Sam 09\/05-Dim 10\/05 2026 -Mon premier Bivouac (initiation) &#8211; Au c\u0153ur des pr\u00e9alpes<\/div>\n\t\t\t\t<\/a>\n\t\t\t\t<div class=\"wc-block-grid__product-price price\"><del aria-hidden=\"true\"><span class=\"woocommerce-Price-amount amount\"><span class=\"woocommerce-Price-currencySymbol\">&euro;<\/span>80,00<\/span><\/del> <span class=\"screen-reader-text\">Le prix initial \u00e9tait\u00a0: &euro;80,00.<\/span><ins aria-hidden=\"true\"><span class=\"woocommerce-Price-amount amount\"><span class=\"woocommerce-Price-currencySymbol\">&euro;<\/span>60,00<\/span><\/ins><span class=\"screen-reader-text\">Le prix actuel est\u00a0: &euro;60,00.<\/span><\/div>\n\t\t\t\t\n\t\t\t\t<div class=\"wp-block-button wc-block-grid__product-add-to-cart\"><a href=\"\/index.php\/wp-json\/wp\/v2\/pages\/12616?add-to-cart=13949\" aria-label=\"Ajouter au panier\u00a0: &ldquo;Sam 09\/05-Dim 10\/05 2026 -Mon premier Bivouac (initiation) - Au c\u0153ur des pr\u00e9alpes&rdquo;\" data-quantity=\"1\" data-product_id=\"13949\" data-product_sku=\"\" data-price=\"60\" rel=\"nofollow\" class=\"wp-block-button__link  add_to_cart_button ajax_add_to_cart\">Ajouter au panier<\/a><\/div>\n\t\t\t<\/li><\/ul><\/div>\n\t\t\t","protected":false},"excerpt":{"rendered":"<p>Achat par cat\u00e9gorie Nouveaut\u00e9s Produits pr\u00e9f\u00e9r\u00e9s de vos clients En vente Meilleurs produits<\/p>\n","protected":false},"author":1,"featured_media":0,"parent":0,"menu_order":0,"comment_status":"closed","ping_status":"closed","template":"","meta":{"_bbp_topic_count":0,"_bbp_reply_count":0,"_bbp_total_topic_count":0,"_bbp_total_reply_count":0,"_bbp_voice_count":0,"_bbp_anonymous_reply_count":0,"_bbp_topic_count_hidden":0,"_bbp_reply_count_hidden":0,"_bbp_forum_subforum_count":0,"content-type":"","_exactmetrics_skip_tracking":false,"_exactmetrics_sitenote_active":false,"_exactmetrics_sitenote_note":"","_exactmetrics_sitenote_category":0,"_monsterinsights_skip_tracking":false,"_monsterinsights_sitenote_active":false,"_monsterinsights_sitenote_note":"","_monsterinsights_sitenote_category":0,"ngg_post_thumbnail":0,"_price":"","_stock":"","_tribe_ticket_header":"","_tribe_default_ticket_provider":"","_tribe_ticket_capacity":"0","_ticket_start_date":"","_ticket_end_date":"","_tribe_ticket_show_description":"","_tribe_ticket_show_not_going":false,"_tribe_ticket_use_global_stock":"","_tribe_ticket_global_stock_level":"","_global_stock_mode":"","_global_stock_cap":"","_tribe_rsvp_for_event":"","_tribe_ticket_going_count":"","_tribe_ticket_not_going_count":"","_tribe_tickets_list":"[]","_tribe_ticket_has_attendee_info_fields":false,"footnotes":""},"class_list":["post-12616","page","type-page","status-publish","hentry"],"jetpack_sharing_enabled":true,"_links":{"self":[{"href":"https:\/\/terresdemotions.fr\/index.php\/wp-json\/wp\/v2\/pages\/12616","targetHints":{"allow":["GET"]}}],"collection":[{"href":"https:\/\/terresdemotions.fr\/index.php\/wp-json\/wp\/v2\/pages"}],"about":[{"href":"https:\/\/terresdemotions.fr\/index.php\/wp-json\/wp\/v2\/types\/page"}],"author":[{"embeddable":true,"href":"https:\/\/terresdemotions.fr\/index.php\/wp-json\/wp\/v2\/users\/1"}],"replies":[{"embeddable":true,"href":"https:\/\/terresdemotions.fr\/index.php\/wp-json\/wp\/v2\/comments?post=12616"}],"version-history":[{"count":1,"href":"https:\/\/terresdemotions.fr\/index.php\/wp-json\/wp\/v2\/pages\/12616\/revisions"}],"predecessor-version":[{"id":12618,"href":"https:\/\/terresdemotions.fr\/index.php\/wp-json\/wp\/v2\/pages\/12616\/revisions\/12618"}],"wp:attachment":[{"href":"https:\/\/terresdemotions.fr\/index.php\/wp-json\/wp\/v2\/media?parent=12616"}],"curies":[{"name":"wp","href":"https:\/\/api.w.org\/{rel}","templated":true}]}}