{"id":2740,"date":"2018-02-08T23:02:28","date_gmt":"2018-02-08T22:02:28","guid":{"rendered":"http:\/\/clubrando06.com\/index.php\/conditions-generales-de-vente\/"},"modified":"2021-01-17T21:23:11","modified_gmt":"2021-01-17T20:23:11","slug":"conditions-generales-de-vente","status":"publish","type":"page","link":"https:\/\/terresdemotions.fr\/index.php\/conditions-generales-de-vente\/","title":{"rendered":"Conditions g\u00e9n\u00e9rales de vente"},"content":{"rendered":"<h1>Vos conditions g\u00e9n\u00e9rales de vente<\/h1>\n<h3>R\u00e8gle 1<\/h3>\n<p>Ut enim quisque sibi plurimum confidit et ut quisque maxime virtute et sapientia sic munitus est, ut nullo egeat suaque omnia in se ipso posita iudicet, ita in amicitiis expetendis colendisque maxime excellit.<\/p>\n<h3>R\u00e8gle 2<\/h3>\n<p>Ut enim quisque sibi plurimum confidit et ut quisque maxime virtute et sapientia sic munitus est, ut nullo egeat suaque omnia in se ipso posita iudicet, ita in amicitiis expetendis colendisque maxime excellit.<\/p>\n<h3>R\u00e8gle 3<\/h3>\n<p>Ut enim quisque sibi plurimum confidit et ut quisque maxime virtute et sapientia sic munitus est, ut nullo egeat suaque omnia in se ipso posita iudicet, ita in amicitiis expetendis colendisque maxime excellit.<\/p>\n<h3>Cr\u00e9dits<\/h3>\n<p>Clubrando06 utilise <a href=\"http:\/\/www.wpshop.fr\" target=\"_blank\" title=\"Clubrando06 utilise WPShop plug-in e-commerce pour WordPress\" rel=\"noopener\">WPShop e-commerce pour WordPress<\/a><\/p>\n","protected":false},"excerpt":{"rendered":"<p>Vos conditions g\u00e9n\u00e9rales de vente R\u00e8gle 1 Ut enim quisque sibi plurimum confidit et ut quisque maxime virtute et sapientia sic munitus est, ut nullo egeat suaque omnia in se ipso posita iudicet, ita in amicitiis expetendis colendisque maxime excellit. R\u00e8gle 2 Ut enim quisque sibi plurimum confidit et ut quisque maxime virtute et sapientia [&hellip;]<\/p>\n","protected":false},"author":1,"featured_media":0,"parent":0,"menu_order":569848,"comment_status":"closed","ping_status":"closed","template":"","meta":{"_bbp_topic_count":0,"_bbp_reply_count":0,"_bbp_total_topic_count":0,"_bbp_total_reply_count":0,"_bbp_voice_count":0,"_bbp_anonymous_reply_count":0,"_bbp_topic_count_hidden":0,"_bbp_reply_count_hidden":0,"_bbp_forum_subforum_count":0,"content-type":"","_exactmetrics_skip_tracking":false,"_exactmetrics_sitenote_active":false,"_exactmetrics_sitenote_note":"","_exactmetrics_sitenote_category":0,"_monsterinsights_skip_tracking":false,"_monsterinsights_sitenote_active":false,"_monsterinsights_sitenote_note":"","_monsterinsights_sitenote_category":0,"ngg_post_thumbnail":0,"_price":"","_stock":"","_tribe_ticket_header":"","_tribe_default_ticket_provider":"","_tribe_ticket_capacity":"0","_ticket_start_date":"","_ticket_end_date":"","_tribe_ticket_show_description":"","_tribe_ticket_show_not_going":false,"_tribe_ticket_use_global_stock":"","_tribe_ticket_global_stock_level":"","_global_stock_mode":"","_global_stock_cap":"","_tribe_rsvp_for_event":"","_tribe_ticket_going_count":"","_tribe_ticket_not_going_count":"","_tribe_tickets_list":"[]","_tribe_ticket_has_attendee_info_fields":false,"footnotes":""},"class_list":["post-2740","page","type-page","status-publish","hentry"],"jetpack_sharing_enabled":true,"_links":{"self":[{"href":"https:\/\/terresdemotions.fr\/index.php\/wp-json\/wp\/v2\/pages\/2740","targetHints":{"allow":["GET"]}}],"collection":[{"href":"https:\/\/terresdemotions.fr\/index.php\/wp-json\/wp\/v2\/pages"}],"about":[{"href":"https:\/\/terresdemotions.fr\/index.php\/wp-json\/wp\/v2\/types\/page"}],"author":[{"embeddable":true,"href":"https:\/\/terresdemotions.fr\/index.php\/wp-json\/wp\/v2\/users\/1"}],"replies":[{"embeddable":true,"href":"https:\/\/terresdemotions.fr\/index.php\/wp-json\/wp\/v2\/comments?post=2740"}],"version-history":[{"count":3,"href":"https:\/\/terresdemotions.fr\/index.php\/wp-json\/wp\/v2\/pages\/2740\/revisions"}],"predecessor-version":[{"id":12688,"href":"https:\/\/terresdemotions.fr\/index.php\/wp-json\/wp\/v2\/pages\/2740\/revisions\/12688"}],"wp:attachment":[{"href":"https:\/\/terresdemotions.fr\/index.php\/wp-json\/wp\/v2\/media?parent=2740"}],"curies":[{"name":"wp","href":"https:\/\/api.w.org\/{rel}","templated":true}]}}