{"id":40,"date":"2018-01-11T23:53:43","date_gmt":"2018-01-11T22:53:43","guid":{"rendered":"http:\/\/clubrando06.com\/?page_id=40"},"modified":"2021-01-17T21:19:16","modified_gmt":"2021-01-17T20:19:16","slug":"contact","status":"publish","type":"page","link":"https:\/\/terresdemotions.fr\/index.php\/contact\/","title":{"rendered":"Contact"},"content":{"rendered":"<h1>Comment nous contacter<\/h1>\n<p><img loading=\"lazy\" decoding=\"async\" class=\"wp-image-3854 alignleft\" src=\"http:\/\/terresdemotions.fr\/wp-content\/uploads\/2018\/04\/img-mail-contact-1-300x271.jpg\" alt=\"\" width=\"113\" height=\"102\" srcset=\"https:\/\/terresdemotions.fr\/wp-content\/uploads\/2018\/04\/img-mail-contact-1-300x271.jpg 300w, https:\/\/terresdemotions.fr\/wp-content\/uploads\/2018\/04\/img-mail-contact-1-600x542.jpg 600w, https:\/\/terresdemotions.fr\/wp-content\/uploads\/2018\/04\/img-mail-contact-1-768x694.jpg 768w, https:\/\/terresdemotions.fr\/wp-content\/uploads\/2018\/04\/img-mail-contact-1-1024x925.jpg 1024w, https:\/\/terresdemotions.fr\/wp-content\/uploads\/2018\/04\/img-mail-contact-1-110x99.jpg 110w, https:\/\/terresdemotions.fr\/wp-content\/uploads\/2018\/04\/img-mail-contact-1-420x379.jpg 420w, https:\/\/terresdemotions.fr\/wp-content\/uploads\/2018\/04\/img-mail-contact-1-476x430.jpg 476w, https:\/\/terresdemotions.fr\/wp-content\/uploads\/2018\/04\/img-mail-contact-1-1320x1192.jpg 1320w\" sizes=\"auto, (max-width: 113px) 100vw, 113px\" \/><\/p>\n<h2><strong>P<\/strong><strong>our contacter Terres d&rsquo;\u00e9motions, Merci de remplir le formulaire ci dessous<br \/>\n<\/strong><\/h2>\n<p>&nbsp;<\/p>\n\n<div class=\"wpcf7 no-js\" id=\"wpcf7-f29-o1\" lang=\"fr-FR\" dir=\"ltr\" data-wpcf7-id=\"29\">\n<div class=\"screen-reader-response\"><p role=\"status\" aria-live=\"polite\" aria-atomic=\"true\"><\/p> <ul><\/ul><\/div>\n<form action=\"\/index.php\/wp-json\/wp\/v2\/pages\/40#wpcf7-f29-o1\" method=\"post\" class=\"wpcf7-form init\" aria-label=\"Formulaire de contact\" novalidate=\"novalidate\" data-status=\"init\">\n<fieldset class=\"hidden-fields-container\"><input type=\"hidden\" name=\"_wpcf7\" value=\"29\" \/><input type=\"hidden\" name=\"_wpcf7_version\" value=\"6.1.5\" \/><input type=\"hidden\" name=\"_wpcf7_locale\" value=\"fr_FR\" \/><input type=\"hidden\" name=\"_wpcf7_unit_tag\" value=\"wpcf7-f29-o1\" \/><input type=\"hidden\" name=\"_wpcf7_container_post\" value=\"0\" \/><input type=\"hidden\" name=\"_wpcf7_posted_data_hash\" value=\"\" \/><input type=\"hidden\" name=\"_wpcf7_recaptcha_response\" value=\"\" \/>\n<\/fieldset>\n<p><label> Votre nom (obligatoire)<br \/>\n<span class=\"wpcf7-form-control-wrap\" data-name=\"your-name\"><input size=\"40\" maxlength=\"400\" class=\"wpcf7-form-control wpcf7-text wpcf7-validates-as-required\" aria-required=\"true\" aria-invalid=\"false\" value=\"\" type=\"text\" name=\"your-name\" \/><\/span> <\/label>\n<\/p>\n<p><label> Votre adresse de messagerie (obligatoire)<br \/>\n<span class=\"wpcf7-form-control-wrap\" data-name=\"your-email\"><input size=\"40\" maxlength=\"400\" class=\"wpcf7-form-control wpcf7-email wpcf7-validates-as-required wpcf7-text wpcf7-validates-as-email\" aria-required=\"true\" aria-invalid=\"false\" value=\"\" type=\"email\" name=\"your-email\" \/><\/span> <\/label>\n<\/p>\n<p><label> Objet<br \/>\n<span class=\"wpcf7-form-control-wrap\" data-name=\"your-subject\"><input size=\"40\" maxlength=\"400\" class=\"wpcf7-form-control wpcf7-text\" aria-invalid=\"false\" value=\"\" type=\"text\" name=\"your-subject\" \/><\/span> <\/label>\n<\/p>\n<p><label> Votre message<br \/>\n<span class=\"wpcf7-form-control-wrap\" data-name=\"your-message\"><textarea cols=\"40\" rows=\"10\" maxlength=\"2000\" class=\"wpcf7-form-control wpcf7-textarea\" aria-invalid=\"false\" name=\"your-message\"><\/textarea><\/span> <\/label>\n<\/p>\n<p><input class=\"wpcf7-form-control wpcf7-submit has-spinner\" type=\"submit\" value=\"Envoyer\" \/>\n<\/p><p style=\"display: none !important;\" class=\"akismet-fields-container\" data-prefix=\"_wpcf7_ak_\"><label>&#916;<textarea name=\"_wpcf7_ak_hp_textarea\" cols=\"45\" rows=\"8\" maxlength=\"100\"><\/textarea><\/label><input type=\"hidden\" id=\"ak_js_1\" name=\"_wpcf7_ak_js\" value=\"37\"\/><script>document.getElementById( \"ak_js_1\" ).setAttribute( \"value\", ( new Date() ).getTime() );<\/script><\/p><div class=\"wpcf7-response-output\" aria-hidden=\"true\"><\/div>\n<\/form>\n<\/div>\n\n<ol>\n<li>Afin d&rsquo;\u00eatre inform\u00e9 des randonn\u00e9es propos\u00e9es, nous vous remercions de vous abonner \u00e0 notre liste de diffusion. Chaque semaine vous recevrez un message qui rappelle la randonn\u00e9e propos\u00e9e et les photos de la randonn\u00e9e pr\u00e9c\u00e9dente ainsi que des informations utiles (points de RDV, etc.<\/li>\n<li>Vous pouvez nous appeler \u00e9galement par tel : Yohann au 06 61 46 27 80 (laisser message sur r\u00e9pondeur avec vos coordonn\u00e9es)<\/li>\n<li>Adresse mail : contact@terresdemotions.fr<\/li>\n<li>Adresse postale du secr\u00e9tariat :&nbsp;<\/li>\n<\/ol>\n<p style=\"text-align: center;\"><strong>Terres d&rsquo;\u00e9motions<\/strong><\/p>\n<p style=\"text-align: center;\"><strong>MAUBANT Yohann <\/strong><\/p>\n<p style=\"text-align: center;\"><strong>184 avenue Paul C\u00e9zanne<\/strong><\/p>\n<p style=\"text-align: center;\"><strong>Le cottage B<\/strong><\/p>\n<p style=\"text-align: center;\"><strong>06700 SAINT LAURENT DU VAR<\/strong><\/p>\n","protected":false},"excerpt":{"rendered":"<p>Comment nous contacter Pour contacter Terres d&rsquo;\u00e9motions, Merci de remplir le formulaire ci dessous &nbsp; &nbsp; Afin d&rsquo;\u00eatre inform\u00e9 des randonn\u00e9es propos\u00e9es, nous vous remercions de vous abonner \u00e0 notre liste de diffusion. Chaque semaine vous recevrez un message qui rappelle la randonn\u00e9e propos\u00e9e et les photos de la randonn\u00e9e pr\u00e9c\u00e9dente ainsi que des informations [&hellip;]<\/p>\n","protected":false},"author":1,"featured_media":0,"parent":0,"menu_order":0,"comment_status":"closed","ping_status":"closed","template":"","meta":{"_bbp_topic_count":0,"_bbp_reply_count":0,"_bbp_total_topic_count":0,"_bbp_total_reply_count":0,"_bbp_voice_count":0,"_bbp_anonymous_reply_count":0,"_bbp_topic_count_hidden":0,"_bbp_reply_count_hidden":0,"_bbp_forum_subforum_count":0,"content-type":"","_exactmetrics_skip_tracking":false,"_exactmetrics_sitenote_active":false,"_exactmetrics_sitenote_note":"","_exactmetrics_sitenote_category":0,"_monsterinsights_skip_tracking":false,"_monsterinsights_sitenote_active":false,"_monsterinsights_sitenote_note":"","_monsterinsights_sitenote_category":0,"ngg_post_thumbnail":0,"_price":"","_stock":"","_tribe_ticket_header":"","_tribe_default_ticket_provider":"","_tribe_ticket_capacity":"0","_ticket_start_date":"","_ticket_end_date":"","_tribe_ticket_show_description":"","_tribe_ticket_show_not_going":false,"_tribe_ticket_use_global_stock":"","_tribe_ticket_global_stock_level":"","_global_stock_mode":"","_global_stock_cap":"","_tribe_rsvp_for_event":"","_tribe_ticket_going_count":"","_tribe_ticket_not_going_count":"","_tribe_tickets_list":"[]","_tribe_ticket_has_attendee_info_fields":false,"footnotes":""},"class_list":["post-40","page","type-page","status-publish","hentry"],"jetpack_sharing_enabled":true,"_links":{"self":[{"href":"https:\/\/terresdemotions.fr\/index.php\/wp-json\/wp\/v2\/pages\/40","targetHints":{"allow":["GET"]}}],"collection":[{"href":"https:\/\/terresdemotions.fr\/index.php\/wp-json\/wp\/v2\/pages"}],"about":[{"href":"https:\/\/terresdemotions.fr\/index.php\/wp-json\/wp\/v2\/types\/page"}],"author":[{"embeddable":true,"href":"https:\/\/terresdemotions.fr\/index.php\/wp-json\/wp\/v2\/users\/1"}],"replies":[{"embeddable":true,"href":"https:\/\/terresdemotions.fr\/index.php\/wp-json\/wp\/v2\/comments?post=40"}],"version-history":[{"count":24,"href":"https:\/\/terresdemotions.fr\/index.php\/wp-json\/wp\/v2\/pages\/40\/revisions"}],"predecessor-version":[{"id":10430,"href":"https:\/\/terresdemotions.fr\/index.php\/wp-json\/wp\/v2\/pages\/40\/revisions\/10430"}],"wp:attachment":[{"href":"https:\/\/terresdemotions.fr\/index.php\/wp-json\/wp\/v2\/media?parent=40"}],"curies":[{"name":"wp","href":"https:\/\/api.w.org\/{rel}","templated":true}]}}