{"id":48,"date":"2018-01-11T23:44:53","date_gmt":"2018-01-11T22:44:53","guid":{"rendered":"http:\/\/clubrando06.com\/?page_id=48"},"modified":"2021-01-17T21:20:04","modified_gmt":"2021-01-17T20:20:04","slug":"le-club","status":"publish","type":"page","link":"https:\/\/terresdemotions.fr\/index.php\/le-club\/","title":{"rendered":"Le Club"},"content":{"rendered":"<p>L&rsquo;association <strong>Terres d&rsquo;Emotions<\/strong> propose des randonn\u00e9es \u00e0 th\u00e8mes toute l&rsquo;ann\u00e9e dans le 06, les&nbsp;<strong>Alpes-Maritimes, le Mercantour, la Vall\u00e9e des Merveilles, le Var, l&rsquo;Italie<\/strong> (Ligurie)&#8230;<\/p>\n<p>Selon les saisons, nous proposons donc dans nos programmes :<\/p>\n<ul>\n<li>Randonn\u00e9es vers les <strong>lacs alpins<\/strong> ou les <strong>cols panoramiques du Mercantour<\/strong><\/li>\n<li>Randonn\u00e9es vers les <strong>villages perch\u00e9s du Pays ni\u00e7ois<\/strong><\/li>\n<li><strong>Randonn\u00e9es dans l&rsquo;Esterel<\/strong> et sur les <strong>balcons de la C\u00f4te d&rsquo;Azur<\/strong><\/li>\n<li>Randonn\u00e9es du Mimosa dans le massif du Tanneron<\/li>\n<li>Randonn\u00e9e varoise, dans le pays de <strong>Fr\u00e9jus<\/strong> ou dans le <strong>Lavandou<\/strong>, le<strong> massif des Maures&#8230;<\/strong><\/li>\n<li><strong>Randonn\u00e9es \u00e0 la d\u00e9couverte de la faune sauvage<\/strong>&nbsp;: chamois, bouquetins si nombreux dans le Parc National du Mercantour, territoire du loup&#8230;<\/li>\n<li>Randonn\u00e9e \u00e0 la d\u00e9couverte de la <strong>flore<\/strong>, dans une r\u00e9gion riche de ses nombreuses esp\u00e8ces end\u00e9miques, ses <strong>orchid\u00e9es<\/strong>, ses <strong>plantes m\u00e9dicinales et comestibles&#8230;<\/strong><\/li>\n<li><strong>Randonn\u00e9es \u00ab&nbsp;Patrimoine&nbsp;\u00bb<\/strong> vers le site arch\u00e9ologique de la <strong>vall\u00e9e des Merveilles<\/strong>, vers les alpages avec leurs granges et hameaux d\u2019altitude.<\/li>\n<\/ul>\n<p>Les sorties du club sont anim\u00e9es&nbsp; par une \u00e9quipe d&rsquo;accompagnateurs en montagne dipl\u00f4m\u00e9s d&rsquo;\u00e9tat et son objectif est de vous faire d\u00e9couvrir, \u00e0 travers la randonn\u00e9e, les nombreuses richesses de notre r\u00e9gion.<\/p>\n<p><strong>En hiver, nous proposons des sorties en raquettes \u00e0 neige.<br \/>\n<\/strong><\/p>\n<p><strong>Pour les informations concernant les niveaux, les points de rdv, les tarifs, et l&rsquo;organisation des randonn\u00e9es, RDV sur la page Infos de notre site ou encore sur la page \u00ab\u00a0Vos Questions\u00a0\u00bb pour les questions les plus fr\u00e9quemment pos\u00e9es .<\/strong><\/p>\n","protected":false},"excerpt":{"rendered":"<p>L&rsquo;association Terres d&rsquo;Emotions propose des randonn\u00e9es \u00e0 th\u00e8mes toute l&rsquo;ann\u00e9e dans le 06, les&nbsp;Alpes-Maritimes, le Mercantour, la Vall\u00e9e des Merveilles, le Var, l&rsquo;Italie (Ligurie)&#8230; Selon les saisons, nous proposons donc dans nos programmes : Randonn\u00e9es vers les lacs alpins ou les cols panoramiques du Mercantour Randonn\u00e9es vers les villages perch\u00e9s du Pays ni\u00e7ois Randonn\u00e9es dans [&hellip;]<\/p>\n","protected":false},"author":1,"featured_media":0,"parent":0,"menu_order":0,"comment_status":"closed","ping_status":"closed","template":"","meta":{"_bbp_topic_count":0,"_bbp_reply_count":0,"_bbp_total_topic_count":0,"_bbp_total_reply_count":0,"_bbp_voice_count":0,"_bbp_anonymous_reply_count":0,"_bbp_topic_count_hidden":0,"_bbp_reply_count_hidden":0,"_bbp_forum_subforum_count":0,"content-type":"","_exactmetrics_skip_tracking":false,"_exactmetrics_sitenote_active":false,"_exactmetrics_sitenote_note":"","_exactmetrics_sitenote_category":0,"_monsterinsights_skip_tracking":false,"_monsterinsights_sitenote_active":false,"_monsterinsights_sitenote_note":"","_monsterinsights_sitenote_category":0,"ngg_post_thumbnail":0,"_price":"","_stock":"","_tribe_ticket_header":"","_tribe_default_ticket_provider":"","_tribe_ticket_capacity":"0","_ticket_start_date":"","_ticket_end_date":"","_tribe_ticket_show_description":"","_tribe_ticket_show_not_going":false,"_tribe_ticket_use_global_stock":"","_tribe_ticket_global_stock_level":"","_global_stock_mode":"","_global_stock_cap":"","_tribe_rsvp_for_event":"","_tribe_ticket_going_count":"","_tribe_ticket_not_going_count":"","_tribe_tickets_list":"[]","_tribe_ticket_has_attendee_info_fields":false,"footnotes":""},"class_list":["post-48","page","type-page","status-publish","hentry"],"jetpack_sharing_enabled":true,"_links":{"self":[{"href":"https:\/\/terresdemotions.fr\/index.php\/wp-json\/wp\/v2\/pages\/48","targetHints":{"allow":["GET"]}}],"collection":[{"href":"https:\/\/terresdemotions.fr\/index.php\/wp-json\/wp\/v2\/pages"}],"about":[{"href":"https:\/\/terresdemotions.fr\/index.php\/wp-json\/wp\/v2\/types\/page"}],"author":[{"embeddable":true,"href":"https:\/\/terresdemotions.fr\/index.php\/wp-json\/wp\/v2\/users\/1"}],"replies":[{"embeddable":true,"href":"https:\/\/terresdemotions.fr\/index.php\/wp-json\/wp\/v2\/comments?post=48"}],"version-history":[{"count":6,"href":"https:\/\/terresdemotions.fr\/index.php\/wp-json\/wp\/v2\/pages\/48\/revisions"}],"predecessor-version":[{"id":3735,"href":"https:\/\/terresdemotions.fr\/index.php\/wp-json\/wp\/v2\/pages\/48\/revisions\/3735"}],"wp:attachment":[{"href":"https:\/\/terresdemotions.fr\/index.php\/wp-json\/wp\/v2\/media?parent=48"}],"curies":[{"name":"wp","href":"https:\/\/api.w.org\/{rel}","templated":true}]}}