{"id":52,"date":"2018-01-11T23:53:17","date_gmt":"2018-01-11T22:53:17","guid":{"rendered":"http:\/\/clubrando06.com\/?page_id=52"},"modified":"2021-01-17T21:22:36","modified_gmt":"2021-01-17T20:22:36","slug":"vos-questions","status":"publish","type":"page","link":"https:\/\/terresdemotions.fr\/index.php\/vos-questions\/","title":{"rendered":"Vos questions"},"content":{"rendered":"<p>Vous \u00eates nombreux \u00e0 nous poser&nbsp;certaines questions r\u00e9currentes concernant le fonctionnement et le r\u00e8glement de Terres d&rsquo;Emotions. C&rsquo;est pourquoi nous avons cr\u00e9\u00e9s pour mieux vous renseigner cette \u00ab\u00a0FAQ\u00a0\u00bb&nbsp;(de l&rsquo;anglais \u00ab\u00a0Frequently Asked questions\u00a0\u00bb)<b>&#8230;<\/b><\/p>\n<p><strong>FAQ : les questions fr\u00e9quentes pos\u00e9es \u00e0 Terres d&rsquo;Emotions !<\/strong><\/p>\n<ul>\n<li><strong>Est on oblig\u00e9 d&rsquo;\u00eatre adh\u00e9rent pour participer aux randonn\u00e9es du club ?&nbsp;<\/strong><\/li>\n<\/ul>\n<p>Non, il est possible de participer comme non adh\u00e9rent (car votre accompagnateur est un professionnel et travailleur ind\u00e9pendant qui peut encadrer des participants non adh\u00e9rents). Le tarif non adh\u00e9rent est indiqu\u00e9 dans le l&rsquo;onglet\u00a0\u00bbtarif\u00a0\u00bb). L&rsquo;adh\u00e9sion est rentable d\u00e8s lors que vous pensez venir au moins&nbsp;3 fois dans l&rsquo;ann\u00e9e (ce qui est peu pour un adh\u00e9rent).<\/p>\n<ul>\n<li><strong>Comment s&rsquo;inscrit on au club et aux randonn\u00e9es ?<\/strong><\/li>\n<\/ul>\n<p>Vous pouvez adh\u00e9rer au club par courrier (adresse : voir page contact) ou directement lors d&rsquo;une de nos sorties (fiche d&rsquo;inscription \u00e0 remplir et r\u00e8glement par ch\u00e8que ou esp\u00e8ce).<\/p>\n<p>L&rsquo;inscription aux randonn\u00e9es se fait&nbsp;sur notre site internet via une site de r\u00e9servation en ligne (EVENTBRITE). Pour s&rsquo;inscrire il suffit de remplir le questionnaire soumis lors de l&rsquo;inscription. Le participant re\u00e7oit une confirmation par mail qui valide son inscription. Ainsi le participant s&rsquo;engage \u00e0&nbsp;\u00eatre pr\u00e9sent au point de RDV choisi.<\/p>\n<ul>\n<li><strong>Quand paye t&rsquo;on l&rsquo;inscription et les participations aux randonn\u00e9es ?<\/strong><\/li>\n<\/ul>\n<p>&#8211; Vous pouvez r\u00e9gler l&rsquo;adh\u00e9sion par courrier en envoyant la fiche d&rsquo;adh\u00e9sion par courrier ou lors de votre participation \u00e0 une randonn\u00e9e.<\/p>\n<p>&#8211; Vous payez les randonn\u00e9es en achetant une carte \u00ab\u00a0passrando\u00a0\u00bb ou \u00e0 la sortie (tarif non adh\u00e9rent) le jour m\u00eame de la randonn\u00e9e aupr\u00e8s de votre accompagnateur.<\/p>\n<p>Vous pouvez payer en esp\u00e8ce ou par ch\u00e8que \u00e0 l&rsquo;ordre de \u00ab\u00a0clubrando06\u00a0\u00bb.<\/p>\n<ul>\n<li><strong>Que se passe t&rsquo;il en cas de \u00ab\u00a0mauvais temps\u00a0\u00bb ?<\/strong><\/li>\n<\/ul>\n<div>&#8211; C&rsquo;est le club qui annule la randonn\u00e9e au plus tard la veille du d\u00e9part.<\/div>\n<div>&#8211; Si nous maintenons une randonn\u00e9e, c&rsquo;est que nous estimons que les conditions m\u00e9t\u00e9orologiques sont correctes et permettent d&rsquo;effectuer la randonn\u00e9e en toute s\u00e9curit\u00e9. Nous ne pouvons pas annuler syst\u00e9matiquement d\u00e8s lors que la pr\u00e9vision annonce quelques nuages ou petites averses localis\u00e9es.<\/div>\n<div>&#8211; En \u00e9t\u00e9 en montagne, il est fr\u00e9quent d&rsquo;avoir quelques orages l&rsquo;apr\u00e8s midi (provoqu\u00e9es en g\u00e9n\u00e9ral par la chaleur), et cela n&#8217;emp\u00eache pas de faire de tr\u00e8s belles randonn\u00e9es. L&rsquo;important est de partir t\u00f4t l&rsquo;\u00e9t\u00e9 et votre accompagnateur prend les d\u00e9cisions n\u00e9cessaires pour \u00e9viter les risques li\u00e9s aux orages (il peut \u00eatre amener \u00e0 \u00e9courter l&rsquo;itin\u00e9raire pr\u00e9vu).<\/div>\n<div>&#8211; En cas d&rsquo;alerte m\u00e9t\u00e9ofrance orange ou rouge, la randonn\u00e9e est syst\u00e9matiquement annul\u00e9e (pour des raisons l\u00e9gales de s\u00e9curit\u00e9)<\/div>\n<div>&nbsp;<\/div>\n<ul>\n<li><strong>Les chiens sont ils accept\u00e9s dans les randonn\u00e9es ? &nbsp;<\/strong><\/li>\n<\/ul>\n<p>Nos sympathiques chiens et autres animaux de compagnie ne peuvent \u00eatre accept\u00e9s et ce pour plusieurs raisons dont entres autres :<\/p>\n<p>1\/ Nous allons souvent dans des zones prot\u00e9g\u00e9s (comme le <strong>Parc National du Mercantour<\/strong>), o\u00f9 les chiens sont interdits. Les chiens effraient la faune sauvage et la font fuir (m\u00eame s&rsquo;ils sont gentils). &nbsp;Il ne faut pas oublier que le chien est consid\u00e9r\u00e9 par la faune sauvage comme un loup. En hiver, effrayer des oiseaux comme des coqs de bruy\u00e8re, c&rsquo;est les condamner \u00e0 mort, car leur \u00e9quilibre \u00e9nerg\u00e9tique est pr\u00e9caire<\/p>\n<p>2 \/ Le guide n&rsquo;est pas&nbsp; assur\u00e9 pour encadrer des chiens et l&rsquo;assurance ne couvre pas des accidents entre chiens et randonneurs (si un chien pare exemple fait tomber un randonneur).<\/p>\n<ul>\n<li>&nbsp;<strong>Organisez vous des sorties sur plusieurs jours ?<\/strong><\/li>\n<\/ul>\n<p>Parfois nous organisons quelques WE dans le <strong>Mercantour<\/strong>, la <strong>vall\u00e9e des Merveilles<\/strong>, le pays ni\u00e7ois, avec des nuit\u00e9es en tente, bivouac, gite et refuges<\/p>\n<p>Ces S\u00e9jours sont r\u00e9alis\u00e9s \u00e0 l&rsquo;aide de notre partenaire voyages&nbsp; randonn\u00e9es, \u00e9cotourisme soit <a href=\"http:\/\/www.azurmercantournature.com\/\">AZURMERCANTOURNATURE<\/a><\/p>\n","protected":false},"excerpt":{"rendered":"<p>Vous \u00eates nombreux \u00e0 nous poser&nbsp;certaines questions r\u00e9currentes concernant le fonctionnement et le r\u00e8glement de Terres d&rsquo;Emotions. C&rsquo;est pourquoi nous avons cr\u00e9\u00e9s pour mieux vous renseigner cette \u00ab\u00a0FAQ\u00a0\u00bb&nbsp;(de l&rsquo;anglais \u00ab\u00a0Frequently Asked questions\u00a0\u00bb)&#8230; FAQ : les questions fr\u00e9quentes pos\u00e9es \u00e0 Terres d&rsquo;Emotions ! Est on oblig\u00e9 d&rsquo;\u00eatre adh\u00e9rent pour participer aux randonn\u00e9es du club ?&nbsp; Non, [&hellip;]<\/p>\n","protected":false},"author":1,"featured_media":0,"parent":0,"menu_order":0,"comment_status":"closed","ping_status":"closed","template":"","meta":{"_bbp_topic_count":0,"_bbp_reply_count":0,"_bbp_total_topic_count":0,"_bbp_total_reply_count":0,"_bbp_voice_count":0,"_bbp_anonymous_reply_count":0,"_bbp_topic_count_hidden":0,"_bbp_reply_count_hidden":0,"_bbp_forum_subforum_count":0,"content-type":"","_exactmetrics_skip_tracking":false,"_exactmetrics_sitenote_active":false,"_exactmetrics_sitenote_note":"","_exactmetrics_sitenote_category":0,"_monsterinsights_skip_tracking":false,"_monsterinsights_sitenote_active":false,"_monsterinsights_sitenote_note":"","_monsterinsights_sitenote_category":0,"ngg_post_thumbnail":0,"_price":"","_stock":"","_tribe_ticket_header":"","_tribe_default_ticket_provider":"","_tribe_ticket_capacity":"0","_ticket_start_date":"","_ticket_end_date":"","_tribe_ticket_show_description":"","_tribe_ticket_show_not_going":false,"_tribe_ticket_use_global_stock":"","_tribe_ticket_global_stock_level":"","_global_stock_mode":"","_global_stock_cap":"","_tribe_rsvp_for_event":"","_tribe_ticket_going_count":"","_tribe_ticket_not_going_count":"","_tribe_tickets_list":"[]","_tribe_ticket_has_attendee_info_fields":false,"footnotes":""},"class_list":["post-52","page","type-page","status-publish","hentry"],"jetpack_sharing_enabled":true,"_links":{"self":[{"href":"https:\/\/terresdemotions.fr\/index.php\/wp-json\/wp\/v2\/pages\/52","targetHints":{"allow":["GET"]}}],"collection":[{"href":"https:\/\/terresdemotions.fr\/index.php\/wp-json\/wp\/v2\/pages"}],"about":[{"href":"https:\/\/terresdemotions.fr\/index.php\/wp-json\/wp\/v2\/types\/page"}],"author":[{"embeddable":true,"href":"https:\/\/terresdemotions.fr\/index.php\/wp-json\/wp\/v2\/users\/1"}],"replies":[{"embeddable":true,"href":"https:\/\/terresdemotions.fr\/index.php\/wp-json\/wp\/v2\/comments?post=52"}],"version-history":[{"count":7,"href":"https:\/\/terresdemotions.fr\/index.php\/wp-json\/wp\/v2\/pages\/52\/revisions"}],"predecessor-version":[{"id":3736,"href":"https:\/\/terresdemotions.fr\/index.php\/wp-json\/wp\/v2\/pages\/52\/revisions\/3736"}],"wp:attachment":[{"href":"https:\/\/terresdemotions.fr\/index.php\/wp-json\/wp\/v2\/media?parent=52"}],"curies":[{"name":"wp","href":"https:\/\/api.w.org\/{rel}","templated":true}]}}